{"id":9,"date":"2025-05-13T16:51:16","date_gmt":"2025-05-13T16:51:16","guid":{"rendered":"https:\/\/www.muller.pm\/quimpero\/?page_id=9"},"modified":"2025-05-14T08:42:37","modified_gmt":"2025-05-14T08:42:37","slug":"le-quimpero-a-hennebont-devenez-proprietaire-en-psla-dans-un-ecoquartier","status":"publish","type":"page","link":"https:\/\/www.muller.pm\/quimpero\/","title":{"rendered":"Le Quimpero \u00e0 Hennebont \u2013 Devenez propri\u00e9taire en PSLA dans un \u00e9coquartier"},"content":{"rendered":"\t\t<div data-elementor-type=\"wp-page\" data-elementor-id=\"9\" class=\"elementor elementor-9\">\n\t\t\t\t<div class=\"elementor-element elementor-element-ad75197 e-con-full e-flex wpr-particle-no wpr-jarallax-no wpr-parallax-no wpr-sticky-section-no e-con e-parent\" data-id=\"ad75197\" data-element_type=\"container\">\n\t\t\t\t<div class=\"elementor-element elementor-element-4552a14 elementor-widget elementor-widget-image\" data-id=\"4552a14\" data-element_type=\"widget\" data-widget_type=\"image.default\">\n\t\t\t\t<div class=\"elementor-widget-container\">\n\t\t\t\t\t\t\t\t\t\t\t\t\t\t\t<img fetchpriority=\"high\" decoding=\"async\" width=\"1280\" height=\"720\" src=\"https:\/\/www.muller.pm\/quimpero\/wp-content\/uploads\/2025\/05\/image-de-une.png\" class=\"attachment-full size-full wp-image-43\" alt=\"\" srcset=\"https:\/\/www.muller.pm\/quimpero\/wp-content\/uploads\/2025\/05\/image-de-une.png 1280w, https:\/\/www.muller.pm\/quimpero\/wp-content\/uploads\/2025\/05\/image-de-une-300x169.png 300w, https:\/\/www.muller.pm\/quimpero\/wp-content\/uploads\/2025\/05\/image-de-une-1024x576.png 1024w, https:\/\/www.muller.pm\/quimpero\/wp-content\/uploads\/2025\/05\/image-de-une-768x432.png 768w, https:\/\/www.muller.pm\/quimpero\/wp-content\/uploads\/2025\/05\/image-de-une-800x450.png 800w\" sizes=\"(max-width: 1280px) 100vw, 1280px\" \/>\t\t\t\t\t\t\t\t\t\t\t\t\t\t\t<\/div>\n\t\t\t\t<\/div>\n\t\t\t\t<\/div>\n\t\t<div class=\"elementor-element elementor-element-b9889ab e-flex e-con-boxed wpr-particle-no wpr-jarallax-no wpr-parallax-no wpr-sticky-section-no e-con e-parent\" data-id=\"b9889ab\" data-element_type=\"container\">\n\t\t\t\t\t<div class=\"e-con-inner\">\n\t\t\t\t<div class=\"elementor-element elementor-element-8ce43fe elementor-widget elementor-widget-heading\" data-id=\"8ce43fe\" data-element_type=\"widget\" data-widget_type=\"heading.default\">\n\t\t\t\t<div class=\"elementor-widget-container\">\n\t\t\t\t\t<h2 class=\"elementor-heading-title elementor-size-default\">UN PROGRAMME RESPONSABLE ET ACCESSIBLE<\/h2>\t\t\t\t<\/div>\n\t\t\t\t<\/div>\n\t\t\t\t\t<\/div>\n\t\t\t\t<\/div>\n\t\t<div class=\"elementor-element elementor-element-8b99aee e-con-full e-flex wpr-particle-no wpr-jarallax-no wpr-parallax-no wpr-sticky-section-no e-con e-parent\" data-id=\"8b99aee\" data-element_type=\"container\">\n\t\t<div class=\"elementor-element elementor-element-164e22f e-con-full e-flex wpr-particle-no wpr-jarallax-no wpr-parallax-no wpr-sticky-section-no e-con e-child\" data-id=\"164e22f\" data-element_type=\"container\">\n\t\t\t\t<div class=\"elementor-element elementor-element-9bd2381 elementor-widget elementor-widget-image\" data-id=\"9bd2381\" data-element_type=\"widget\" data-widget_type=\"image.default\">\n\t\t\t\t<div class=\"elementor-widget-container\">\n\t\t\t\t\t\t\t\t\t\t\t\t\t\t\t<img decoding=\"async\" src=\"https:\/\/www.muller.pm\/quimpero\/wp-content\/uploads\/elementor\/thumbs\/icon-ecoquartier-r5sdycdcge43wkdh5qhvme7ttrdho6n88llr44jhqc.png\" title=\"icon-ecoquartier\" alt=\"icon-ecoquartier\" loading=\"lazy\" \/>\t\t\t\t\t\t\t\t\t\t\t\t\t\t\t<\/div>\n\t\t\t\t<\/div>\n\t\t\t\t<div class=\"elementor-element elementor-element-3270be0 elementor-widget elementor-widget-text-editor\" data-id=\"3270be0\" data-element_type=\"widget\" data-widget_type=\"text-editor.default\">\n\t\t\t\t<div class=\"elementor-widget-container\">\n\t\t\t\t\t\t\t\t\t<h2><strong>ECO-QUARTIER<\/strong><\/h2><h5>Un projet respectueux au c\u0153ur d&rsquo;un \u00e9coquartier avec des espaces verts partag\u00e9s et une circulation douce<\/h5>\t\t\t\t\t\t\t\t<\/div>\n\t\t\t\t<\/div>\n\t\t\t\t<\/div>\n\t\t<div class=\"elementor-element elementor-element-feb8a06 e-con-full e-flex wpr-particle-no wpr-jarallax-no wpr-parallax-no wpr-sticky-section-no e-con e-child\" data-id=\"feb8a06\" data-element_type=\"container\">\n\t\t\t\t<div class=\"elementor-element elementor-element-0b12964 elementor-widget elementor-widget-image\" data-id=\"0b12964\" data-element_type=\"widget\" data-widget_type=\"image.default\">\n\t\t\t\t<div class=\"elementor-widget-container\">\n\t\t\t\t\t\t\t\t\t\t\t\t\t\t\t<img decoding=\"async\" src=\"https:\/\/www.muller.pm\/quimpero\/wp-content\/uploads\/elementor\/thumbs\/icon-abordable-r5sdycdcge43wkdh5qhvme7ttrdho6n88llr44jhqc.png\" title=\"icon-abordable\" alt=\"icon-abordable\" loading=\"lazy\" \/>\t\t\t\t\t\t\t\t\t\t\t\t\t\t\t<\/div>\n\t\t\t\t<\/div>\n\t\t\t\t<div class=\"elementor-element elementor-element-04ebc19 elementor-widget elementor-widget-text-editor\" data-id=\"04ebc19\" data-element_type=\"widget\" data-widget_type=\"text-editor.default\">\n\t\t\t\t<div class=\"elementor-widget-container\">\n\t\t\t\t\t\t\t\t\t<h2><strong>ABORDABLE<\/strong><\/h2><h5>Des logements de qualit\u00e9 \u00e0 un prix abordable gr\u00e2ce\u00a0 au Pr\u00eat Social Location Accession (PSLA)<\/h5>\t\t\t\t\t\t\t\t<\/div>\n\t\t\t\t<\/div>\n\t\t\t\t<\/div>\n\t\t<div class=\"elementor-element elementor-element-85a86d0 e-con-full e-flex wpr-particle-no wpr-jarallax-no wpr-parallax-no wpr-sticky-section-no e-con e-child\" data-id=\"85a86d0\" data-element_type=\"container\">\n\t\t\t\t<div class=\"elementor-element elementor-element-8f76b20 elementor-widget elementor-widget-image\" data-id=\"8f76b20\" data-element_type=\"widget\" data-widget_type=\"image.default\">\n\t\t\t\t<div class=\"elementor-widget-container\">\n\t\t\t\t\t\t\t\t\t\t\t\t\t\t\t<img decoding=\"async\" src=\"https:\/\/www.muller.pm\/quimpero\/wp-content\/uploads\/elementor\/thumbs\/icon-serenite-r5sdycdcge43wkdh5qhvme7ttrdho6n88llr44jhqc.png\" title=\"icon-serenite\" alt=\"icon-serenite\" loading=\"lazy\" \/>\t\t\t\t\t\t\t\t\t\t\t\t\t\t\t<\/div>\n\t\t\t\t<\/div>\n\t\t\t\t<div class=\"elementor-element elementor-element-f767934 elementor-widget elementor-widget-text-editor\" data-id=\"f767934\" data-element_type=\"widget\" data-widget_type=\"text-editor.default\">\n\t\t\t\t<div class=\"elementor-widget-container\">\n\t\t\t\t\t\t\t\t\t<h2>\u00a0SERENITE<\/h2><h5>Votre projet immobilier s\u00e9curis\u00e9 de A \u00e0 Z avec LB Habitat<\/h5>\t\t\t\t\t\t\t\t<\/div>\n\t\t\t\t<\/div>\n\t\t\t\t<\/div>\n\t\t\t\t<\/div>\n\t\t<div class=\"elementor-element elementor-element-bf618d7 e-flex e-con-boxed wpr-particle-no wpr-jarallax-no wpr-parallax-no wpr-sticky-section-no e-con e-parent\" data-id=\"bf618d7\" data-element_type=\"container\">\n\t\t\t\t\t<div class=\"e-con-inner\">\n\t\t\t\t<div class=\"elementor-element elementor-element-1621e67 elementor-widget-divider--view-line elementor-widget elementor-widget-divider\" data-id=\"1621e67\" data-element_type=\"widget\" data-widget_type=\"divider.default\">\n\t\t\t\t<div class=\"elementor-widget-container\">\n\t\t\t\t\t\t\t<div class=\"elementor-divider\">\n\t\t\t<span class=\"elementor-divider-separator\">\n\t\t\t\t\t\t<\/span>\n\t\t<\/div>\n\t\t\t\t\t\t<\/div>\n\t\t\t\t<\/div>\n\t\t\t\t\t<\/div>\n\t\t\t\t<\/div>\n\t\t<div class=\"elementor-element elementor-element-7e627a8 e-flex e-con-boxed wpr-particle-no wpr-jarallax-no wpr-parallax-no wpr-sticky-section-no e-con e-parent\" data-id=\"7e627a8\" data-element_type=\"container\">\n\t\t\t\t\t<div class=\"e-con-inner\">\n\t\t<div class=\"elementor-element elementor-element-4f5703f e-con-full e-flex wpr-particle-no wpr-jarallax-no wpr-parallax-no wpr-sticky-section-no e-con e-child\" data-id=\"4f5703f\" data-element_type=\"container\">\n\t\t\t\t<div class=\"elementor-element elementor-element-46997cd elementor-widget elementor-widget-text-editor\" data-id=\"46997cd\" data-element_type=\"widget\" data-widget_type=\"text-editor.default\">\n\t\t\t\t<div class=\"elementor-widget-container\">\n\t\t\t\t\t\t\t\t\t<h3 class=\"\" data-start=\"79\" data-end=\"145\"><strong data-start=\"86\" data-end=\"145\">Un cadre de vie naturel, vivant et connect\u00e9 \u00e0 Hennebont<\/strong><\/h3><p class=\"\" data-start=\"147\" data-end=\"696\">Situ\u00e9 entre Lorient et Vannes, le futur <strong data-start=\"187\" data-end=\"214\">\u00c9coQuartier du Quimp\u00e9ro<\/strong> s\u2019implante au c\u0153ur d\u2019Hennebont, une ville au riche patrimoine paysager et culturel. Pens\u00e9 autour du lien entre habitat, nature et vivre ensemble, ce quartier durable propose un cadre de vie de qualit\u00e9, anim\u00e9 et verdoyant. Espaces partag\u00e9s, vergers, aires de jeux et de loisirs favorisent les \u00e9changes, tout en pr\u00e9servant l\u2019intimit\u00e9 des logements et la biodiversit\u00e9 locale. \u00c0 deux pas des commerces, \u00e9coles et \u00e9quipements, Le Quimp\u00e9ro allie confort, accessibilit\u00e9 et qualit\u00e9 de vie.<\/p>\t\t\t\t\t\t\t\t<\/div>\n\t\t\t\t<\/div>\n\t\t\t\t<\/div>\n\t\t<div class=\"elementor-element elementor-element-13172a2 e-con-full e-flex wpr-particle-no wpr-jarallax-no wpr-parallax-no wpr-sticky-section-no e-con e-child\" data-id=\"13172a2\" data-element_type=\"container\">\n\t\t\t\t<div class=\"elementor-element elementor-element-dd195da elementor-widget-divider--separator-type-pattern elementor-widget-divider--view-line elementor-widget elementor-widget-divider\" data-id=\"dd195da\" data-element_type=\"widget\" data-widget_type=\"divider.default\">\n\t\t\t\t<div class=\"elementor-widget-container\">\n\t\t\t\t\t\t\t<div class=\"elementor-divider\" style=\"--divider-pattern-url: url(&quot;data:image\/svg+xml,%3Csvg xmlns=&#039;http:\/\/www.w3.org\/2000\/svg&#039; preserveAspectRatio=&#039;none&#039; overflow=&#039;visible&#039; height=&#039;100%&#039; viewBox=&#039;0 0 24 24&#039; fill=&#039;none&#039; stroke=&#039;black&#039; stroke-width=&#039;8&#039; stroke-linecap=&#039;square&#039; stroke-miterlimit=&#039;10&#039;%3E%3Cpath d=&#039;M0,6c6,0,6,13,12,13S18,6,24,6&#039;\/%3E%3C\/svg%3E&quot;);\">\n\t\t\t<span class=\"elementor-divider-separator\">\n\t\t\t\t\t\t<\/span>\n\t\t<\/div>\n\t\t\t\t\t\t<\/div>\n\t\t\t\t<\/div>\n\t\t\t\t<div class=\"elementor-element elementor-element-61182ff elementor-widget elementor-widget-image\" data-id=\"61182ff\" data-element_type=\"widget\" data-widget_type=\"image.default\">\n\t\t\t\t<div class=\"elementor-widget-container\">\n\t\t\t\t\t\t\t\t\t\t\t\t\t\t\t<img decoding=\"async\" src=\"https:\/\/www.muller.pm\/quimpero\/wp-content\/uploads\/elementor\/thumbs\/plandesituationstylise-r5sfdmggcn8x68xjwzxxlvw0590y2ebe66lpyodyr0.png\" title=\"plandesituationstylise\" alt=\"plandesituationstylise\" loading=\"lazy\" \/>\t\t\t\t\t\t\t\t\t\t\t\t\t\t\t<\/div>\n\t\t\t\t<\/div>\n\t\t\t\t<\/div>\n\t\t\t\t\t<\/div>\n\t\t\t\t<\/div>\n\t\t<div class=\"elementor-element elementor-element-a437a11 e-flex e-con-boxed wpr-particle-no wpr-jarallax-no wpr-parallax-no wpr-sticky-section-no e-con e-parent\" data-id=\"a437a11\" data-element_type=\"container\">\n\t\t\t\t\t<div class=\"e-con-inner\">\n\t\t<div class=\"elementor-element elementor-element-30be94f e-con-full e-flex wpr-particle-no wpr-jarallax-no wpr-parallax-no wpr-sticky-section-no e-con e-child\" data-id=\"30be94f\" data-element_type=\"container\">\n\t\t\t\t<div class=\"elementor-element elementor-element-e18f0d9 elementor-widget elementor-widget-image\" data-id=\"e18f0d9\" data-element_type=\"widget\" data-widget_type=\"image.default\">\n\t\t\t\t<div class=\"elementor-widget-container\">\n\t\t\t\t\t\t\t\t\t\t\t\t\t\t\t<img decoding=\"async\" width=\"550\" height=\"309\" src=\"https:\/\/www.muller.pm\/quimpero\/wp-content\/uploads\/2025\/05\/unelogement.png\" class=\"attachment-large size-large wp-image-64\" alt=\"\" srcset=\"https:\/\/www.muller.pm\/quimpero\/wp-content\/uploads\/2025\/05\/unelogement.png 550w, https:\/\/www.muller.pm\/quimpero\/wp-content\/uploads\/2025\/05\/unelogement-300x169.png 300w\" sizes=\"(max-width: 550px) 100vw, 550px\" \/>\t\t\t\t\t\t\t\t\t\t\t\t\t\t\t<\/div>\n\t\t\t\t<\/div>\n\t\t\t\t<\/div>\n\t\t<div class=\"elementor-element elementor-element-2071244 e-con-full e-flex wpr-particle-no wpr-jarallax-no wpr-parallax-no wpr-sticky-section-no e-con e-child\" data-id=\"2071244\" data-element_type=\"container\">\n\t\t\t\t<div class=\"elementor-element elementor-element-77d3708 elementor-widget elementor-widget-text-editor\" data-id=\"77d3708\" data-element_type=\"widget\" data-widget_type=\"text-editor.default\">\n\t\t\t\t<div class=\"elementor-widget-container\">\n\t\t\t\t\t\t\t\t\t<h3 class=\"\" data-start=\"104\" data-end=\"167\"><strong data-start=\"111\" data-end=\"167\">Des appartements lumineux, abordables et bien situ\u00e9s<\/strong><\/h3><p class=\"\" data-start=\"169\" data-end=\"532\">Du T2 au T5, les logements du Quimpero offrent des surfaces allant de <strong data-start=\"239\" data-end=\"254\">45 \u00e0 102 m\u00b2<\/strong>, avec balcons, terrasses ou jardins privatifs selon les configurations. R\u00e9partis sur plusieurs \u00eelots \u00e0 taille humaine, ces appartements pens\u00e9s pour le confort moderne allient <strong data-start=\"430\" data-end=\"455\">accessibilit\u00e9 en PSLA<\/strong>, <strong data-start=\"457\" data-end=\"483\">qualit\u00e9 architecturale<\/strong> et <strong data-start=\"487\" data-end=\"518\">proximit\u00e9 avec les services<\/strong> du quotidien.<\/p>\t\t\t\t\t\t\t\t<\/div>\n\t\t\t\t<\/div>\n\t\t\t\t<\/div>\n\t\t\t\t\t<\/div>\n\t\t\t\t<\/div>\n\t\t<div class=\"elementor-element elementor-element-42d0ca5 e-flex e-con-boxed wpr-particle-no wpr-jarallax-no wpr-parallax-no wpr-sticky-section-no e-con e-parent\" data-id=\"42d0ca5\" data-element_type=\"container\">\n\t\t\t\t\t<div class=\"e-con-inner\">\n\t\t\t\t<div class=\"elementor-element elementor-element-a0c4334 elementor-widget-divider--view-line elementor-widget elementor-widget-divider\" data-id=\"a0c4334\" data-element_type=\"widget\" data-widget_type=\"divider.default\">\n\t\t\t\t<div class=\"elementor-widget-container\">\n\t\t\t\t\t\t\t<div class=\"elementor-divider\">\n\t\t\t<span class=\"elementor-divider-separator\">\n\t\t\t\t\t\t<\/span>\n\t\t<\/div>\n\t\t\t\t\t\t<\/div>\n\t\t\t\t<\/div>\n\t\t\t\t\t<\/div>\n\t\t\t\t<\/div>\n\t\t\t\t<\/div>\n\t\t","protected":false},"excerpt":{"rendered":"<p>UN PROGRAMME RESPONSABLE ET ACCESSIBLE ECO-QUARTIER Un projet respectueux au c\u0153ur d&rsquo;un \u00e9coquartier avec des espaces verts partag\u00e9s et une circulation douce ABORDABLE Des logements de qualit\u00e9 \u00e0 un prix abordable gr\u00e2ce\u00a0 au Pr\u00eat Social Location Accession (PSLA) \u00a0SERENITE Votre projet immobilier s\u00e9curis\u00e9 de A \u00e0 Z avec LB Habitat Un cadre de vie naturel, vivant et connect\u00e9 \u00e0 Hennebont Situ\u00e9 entre Lorient et Vannes, le futur \u00c9coQuartier du Quimp\u00e9ro s\u2019implante au c\u0153ur d\u2019Hennebont, une ville au riche patrimoine paysager et culturel. Pens\u00e9 autour du lien entre habitat, nature et vivre ensemble, ce quartier durable propose un cadre de vie de qualit\u00e9, anim\u00e9 et verdoyant. Espaces partag\u00e9s, vergers, aires de jeux et de loisirs favorisent les \u00e9changes, tout en pr\u00e9servant l\u2019intimit\u00e9 des logements et la biodiversit\u00e9 locale. \u00c0 deux pas des commerces, \u00e9coles et \u00e9quipements, Le Quimp\u00e9ro allie confort, accessibilit\u00e9 et qualit\u00e9 de vie. Des appartements lumineux, abordables et bien situ\u00e9s Du T2 au T5, les logements du Quimpero offrent des surfaces allant de 45 \u00e0 102 m\u00b2, avec balcons, terrasses ou jardins privatifs selon les configurations. R\u00e9partis sur plusieurs \u00eelots \u00e0 taille humaine, ces appartements pens\u00e9s pour le confort moderne allient accessibilit\u00e9 en PSLA, qualit\u00e9 architecturale et proximit\u00e9 avec les services du quotidien.<\/p>\n","protected":false},"author":1,"featured_media":0,"parent":0,"menu_order":0,"comment_status":"closed","ping_status":"closed","template":"elementor_header_footer","meta":{"ocean_post_layout":"","ocean_both_sidebars_style":"","ocean_both_sidebars_content_width":0,"ocean_both_sidebars_sidebars_width":0,"ocean_sidebar":"","ocean_second_sidebar":"","ocean_disable_margins":"enable","ocean_add_body_class":"","ocean_shortcode_before_top_bar":"","ocean_shortcode_after_top_bar":"","ocean_shortcode_before_header":"","ocean_shortcode_after_header":"","ocean_has_shortcode":"","ocean_shortcode_after_title":"","ocean_shortcode_before_footer_widgets":"","ocean_shortcode_after_footer_widgets":"","ocean_shortcode_before_footer_bottom":"","ocean_shortcode_after_footer_bottom":"","ocean_display_top_bar":"default","ocean_display_header":"default","ocean_header_style":"","ocean_center_header_left_menu":"","ocean_custom_header_template":"","ocean_custom_logo":0,"ocean_custom_retina_logo":0,"ocean_custom_logo_max_width":0,"ocean_custom_logo_tablet_max_width":0,"ocean_custom_logo_mobile_max_width":0,"ocean_custom_logo_max_height":0,"ocean_custom_logo_tablet_max_height":0,"ocean_custom_logo_mobile_max_height":0,"ocean_header_custom_menu":"","ocean_menu_typo_font_family":"","ocean_menu_typo_font_subset":"","ocean_menu_typo_font_size":0,"ocean_menu_typo_font_size_tablet":0,"ocean_menu_typo_font_size_mobile":0,"ocean_menu_typo_font_size_unit":"px","ocean_menu_typo_font_weight":"","ocean_menu_typo_font_weight_tablet":"","ocean_menu_typo_font_weight_mobile":"","ocean_menu_typo_transform":"","ocean_menu_typo_transform_tablet":"","ocean_menu_typo_transform_mobile":"","ocean_menu_typo_line_height":0,"ocean_menu_typo_line_height_tablet":0,"ocean_menu_typo_line_height_mobile":0,"ocean_menu_typo_line_height_unit":"","ocean_menu_typo_spacing":0,"ocean_menu_typo_spacing_tablet":0,"ocean_menu_typo_spacing_mobile":0,"ocean_menu_typo_spacing_unit":"","ocean_menu_link_color":"","ocean_menu_link_color_hover":"","ocean_menu_link_color_active":"","ocean_menu_link_background":"","ocean_menu_link_hover_background":"","ocean_menu_link_active_background":"","ocean_menu_social_links_bg":"","ocean_menu_social_hover_links_bg":"","ocean_menu_social_links_color":"","ocean_menu_social_hover_links_color":"","ocean_disable_title":"default","ocean_disable_heading":"default","ocean_post_title":"","ocean_post_subheading":"","ocean_post_title_style":"","ocean_post_title_background_color":"","ocean_post_title_background":0,"ocean_post_title_bg_image_position":"","ocean_post_title_bg_image_attachment":"","ocean_post_title_bg_image_repeat":"","ocean_post_title_bg_image_size":"","ocean_post_title_height":0,"ocean_post_title_bg_overlay":0.5,"ocean_post_title_bg_overlay_color":"","ocean_disable_breadcrumbs":"default","ocean_breadcrumbs_color":"","ocean_breadcrumbs_separator_color":"","ocean_breadcrumbs_links_color":"","ocean_breadcrumbs_links_hover_color":"","ocean_display_footer_widgets":"default","ocean_display_footer_bottom":"default","ocean_custom_footer_template":"","footnotes":""},"class_list":["post-9","page","type-page","status-publish","hentry","entry"],"_links":{"self":[{"href":"https:\/\/www.muller.pm\/quimpero\/wp-json\/wp\/v2\/pages\/9","targetHints":{"allow":["GET"]}}],"collection":[{"href":"https:\/\/www.muller.pm\/quimpero\/wp-json\/wp\/v2\/pages"}],"about":[{"href":"https:\/\/www.muller.pm\/quimpero\/wp-json\/wp\/v2\/types\/page"}],"author":[{"embeddable":true,"href":"https:\/\/www.muller.pm\/quimpero\/wp-json\/wp\/v2\/users\/1"}],"replies":[{"embeddable":true,"href":"https:\/\/www.muller.pm\/quimpero\/wp-json\/wp\/v2\/comments?post=9"}],"version-history":[{"count":36,"href":"https:\/\/www.muller.pm\/quimpero\/wp-json\/wp\/v2\/pages\/9\/revisions"}],"predecessor-version":[{"id":73,"href":"https:\/\/www.muller.pm\/quimpero\/wp-json\/wp\/v2\/pages\/9\/revisions\/73"}],"wp:attachment":[{"href":"https:\/\/www.muller.pm\/quimpero\/wp-json\/wp\/v2\/media?parent=9"}],"curies":[{"name":"wp","href":"https:\/\/api.w.org\/{rel}","templated":true}]}}