{"id":118,"date":"2025-05-14T11:10:03","date_gmt":"2025-05-14T11:10:03","guid":{"rendered":"https:\/\/www.muller.pm\/quimpero\/?page_id=118"},"modified":"2025-05-14T11:28:28","modified_gmt":"2025-05-14T11:28:28","slug":"le-quimpero-a-hennebont-decouvrir-le-programme","status":"publish","type":"page","link":"https:\/\/www.muller.pm\/quimpero\/le-quimpero-a-hennebont-decouvrir-le-programme\/","title":{"rendered":"Le Quimpero \u00e0 Hennebont \u2013 Decouvrir le programme"},"content":{"rendered":"\t\t<div data-elementor-type=\"wp-page\" data-elementor-id=\"118\" class=\"elementor elementor-118\">\n\t\t\t\t<div class=\"elementor-element elementor-element-ad75197 e-con-full e-flex wpr-particle-no wpr-jarallax-no wpr-parallax-no wpr-sticky-section-no e-con e-parent\" data-id=\"ad75197\" data-element_type=\"container\">\n\t\t\t\t<div class=\"elementor-element elementor-element-38d4823 elementor-widget elementor-widget-heading\" data-id=\"38d4823\" data-element_type=\"widget\" data-widget_type=\"heading.default\">\n\t\t\t\t<div class=\"elementor-widget-container\">\n\t\t\t\t\t<h2 class=\"elementor-heading-title elementor-size-default\">Explorez Le Quimpero en 3D<\/h2>\t\t\t\t<\/div>\n\t\t\t\t<\/div>\n\t\t\t\t<div class=\"elementor-element elementor-element-77576a5 elementor-widget elementor-widget-text-editor\" data-id=\"77576a5\" data-element_type=\"widget\" data-widget_type=\"text-editor.default\">\n\t\t\t\t<div class=\"elementor-widget-container\">\n\t\t\t\t\t\t\t\t\t<p>Plongez au c\u0153ur du futur \u00c9coquartier gr\u00e2ce \u00e0 cette vue interactive. D\u00e9couvrez l\u2019implantation des b\u00e2timents, les espaces verts, les acc\u00e8s et les \u00e9quipements du programme comme si vous y \u00e9tiez. Une exp\u00e9rience immersive pour mieux vous projeter dans votre futur cadre de vie \u00e0 Hennebont.<\/p>\t\t\t\t\t\t\t\t<\/div>\n\t\t\t\t<\/div>\n\t\t\t\t<div class=\"elementor-element elementor-element-63e407d elementor-widget elementor-widget-html\" data-id=\"63e407d\" data-element_type=\"widget\" data-widget_type=\"html.default\">\n\t\t\t\t<div class=\"elementor-widget-container\">\n\t\t\t\t\t<iframe \n  src=\"https:\/\/vefastore.fr\/iframe\/lb-habitat-quimpero\/accueil\" \n  width=\"100%\" \n  height=\"800\" \n  style=\"border: none;\"\n  loading=\"lazy\"\n  allowfullscreen>\n<\/iframe>\n\t\t\t\t<\/div>\n\t\t\t\t<\/div>\n\t\t\t\t<\/div>\n\t\t<div class=\"elementor-element elementor-element-b9889ab e-flex e-con-boxed wpr-particle-no wpr-jarallax-no wpr-parallax-no wpr-sticky-section-no e-con e-parent\" data-id=\"b9889ab\" data-element_type=\"container\">\n\t\t\t\t\t<div class=\"e-con-inner\">\n\t\t\t\t<div class=\"elementor-element elementor-element-8ce43fe elementor-widget elementor-widget-heading\" data-id=\"8ce43fe\" data-element_type=\"widget\" data-widget_type=\"heading.default\">\n\t\t\t\t<div class=\"elementor-widget-container\">\n\t\t\t\t\t<h2 class=\"elementor-heading-title elementor-size-default\">D\u00c9COUVREZ NOTRE PROGRAMME <\/h2>\t\t\t\t<\/div>\n\t\t\t\t<\/div>\n\t\t\t\t\t<\/div>\n\t\t\t\t<\/div>\n\t\t<div class=\"elementor-element elementor-element-175a46d e-con-full e-flex wpr-particle-no wpr-jarallax-no wpr-parallax-no wpr-sticky-section-no e-con e-parent\" data-id=\"175a46d\" data-element_type=\"container\">\n\t\t<div class=\"elementor-element elementor-element-8809c83 e-con-full e-flex wpr-particle-no wpr-jarallax-no wpr-parallax-no wpr-sticky-section-no e-con e-child\" data-id=\"8809c83\" data-element_type=\"container\">\n\t\t\t\t<div class=\"elementor-element elementor-element-9bd2381 elementor-widget elementor-widget-image\" data-id=\"9bd2381\" data-element_type=\"widget\" data-widget_type=\"image.default\">\n\t\t\t\t<div class=\"elementor-widget-container\">\n\t\t\t\t\t\t\t\t\t\t\t\t\t\t\t<img decoding=\"async\" src=\"https:\/\/www.muller.pm\/quimpero\/wp-content\/uploads\/elementor\/thumbs\/1-r5sh9z9ub9vxlulgkg6fz7dvp9pbdblc0qsk1z5luw.png\" title=\"1\" alt=\"1\" loading=\"lazy\" \/>\t\t\t\t\t\t\t\t\t\t\t\t\t\t\t<\/div>\n\t\t\t\t<\/div>\n\t\t\t\t<div class=\"elementor-element elementor-element-3270be0 elementor-widget elementor-widget-text-editor\" data-id=\"3270be0\" data-element_type=\"widget\" data-widget_type=\"text-editor.default\">\n\t\t\t\t<div class=\"elementor-widget-container\">\n\t\t\t\t\t\t\t\t\t<h2>Un quartier ancr\u00e9 dans la nature<\/h2><p>\u00c0 Hennebont, entre Lorient et Vannes, Le Quimpero prend vie dans un environnement remarquable : vallons bois\u00e9s, rives du Blavet, biodiversit\u00e9 pr\u00e9serv\u00e9e. L\u2019\u00c9coQuartier s\u2019int\u00e8gre au paysage existant et valorise les ressources naturelles du site.<\/p>\t\t\t\t\t\t\t\t<\/div>\n\t\t\t\t<\/div>\n\t\t\t\t<\/div>\n\t\t<div class=\"elementor-element elementor-element-d6e2fea e-con-full e-flex wpr-particle-no wpr-jarallax-no wpr-parallax-no wpr-sticky-section-no e-con e-child\" data-id=\"d6e2fea\" data-element_type=\"container\">\n\t\t\t\t<div class=\"elementor-element elementor-element-0b12964 elementor-widget elementor-widget-image\" data-id=\"0b12964\" data-element_type=\"widget\" data-widget_type=\"image.default\">\n\t\t\t\t<div class=\"elementor-widget-container\">\n\t\t\t\t\t\t\t\t\t\t\t\t\t\t\t<img decoding=\"async\" src=\"https:\/\/www.muller.pm\/quimpero\/wp-content\/uploads\/elementor\/thumbs\/2-r5sha07oi3x7xgk3eyl2jp5cankol0p2cvg1j947oo.png\" title=\"2\" alt=\"2\" loading=\"lazy\" \/>\t\t\t\t\t\t\t\t\t\t\t\t\t\t\t<\/div>\n\t\t\t\t<\/div>\n\t\t\t\t<div class=\"elementor-element elementor-element-04ebc19 elementor-widget elementor-widget-text-editor\" data-id=\"04ebc19\" data-element_type=\"widget\" data-widget_type=\"text-editor.default\">\n\t\t\t\t<div class=\"elementor-widget-container\">\n\t\t\t\t\t\t\t\t\t<h2>Un cadre de vie durable et partag\u00e9<\/h2><p>Pens\u00e9 autour du lien entre habitat et v\u00e9g\u00e9tal, Le Quimpero multiplie les espaces partag\u00e9s : placettes, aires de jeux, vergers, zones de d\u00e9tente&#8230; Tout est con\u00e7u pour encourager les \u00e9changes, les mobilit\u00e9s douces et la convivialit\u00e9, tout en pr\u00e9servant l\u2019intimit\u00e9 de chacun.<\/p>\t\t\t\t\t\t\t\t<\/div>\n\t\t\t\t<\/div>\n\t\t\t\t<\/div>\n\t\t<div class=\"elementor-element elementor-element-6998b7f e-con-full e-flex wpr-particle-no wpr-jarallax-no wpr-parallax-no wpr-sticky-section-no e-con e-child\" data-id=\"6998b7f\" data-element_type=\"container\">\n\t\t\t\t<div class=\"elementor-element elementor-element-8cb4c1d elementor-widget elementor-widget-image\" data-id=\"8cb4c1d\" data-element_type=\"widget\" data-widget_type=\"image.default\">\n\t\t\t\t<div class=\"elementor-widget-container\">\n\t\t\t\t\t\t\t\t\t\t\t\t\t\t\t<img decoding=\"async\" src=\"https:\/\/www.muller.pm\/quimpero\/wp-content\/uploads\/elementor\/thumbs\/3-r5sh9xe5xltcymo6vfd6u7uyihykxxdvchhl3f8e7c.png\" title=\"3\" alt=\"3\" loading=\"lazy\" \/>\t\t\t\t\t\t\t\t\t\t\t\t\t\t\t<\/div>\n\t\t\t\t<\/div>\n\t\t\t\t<div class=\"elementor-element elementor-element-f767934 elementor-widget elementor-widget-text-editor\" data-id=\"f767934\" data-element_type=\"widget\" data-widget_type=\"text-editor.default\">\n\t\t\t\t<div class=\"elementor-widget-container\">\n\t\t\t\t\t\t\t\t\t<h2>Des logements accessibles \u00e0 la propri\u00e9t\u00e9<\/h2><p>Gr\u00e2ce au dispositif <strong data-start=\"956\" data-end=\"964\">PSLA<\/strong>, devenez propri\u00e9taire en toute s\u00e9r\u00e9nit\u00e9. Du T2 au T5, les appartements du Quimpero sont spacieux, bien expos\u00e9s, et int\u00e9gr\u00e9s dans des \u00eelots \u00e0 taille humaine, avec balcons, terrasses ou jardins selon les configurations.<\/p>\t\t\t\t\t\t\t\t<\/div>\n\t\t\t\t<\/div>\n\t\t\t\t<\/div>\n\t\t<div class=\"elementor-element elementor-element-5f0daa4 e-con-full e-flex wpr-particle-no wpr-jarallax-no wpr-parallax-no wpr-sticky-section-no e-con e-child\" data-id=\"5f0daa4\" data-element_type=\"container\">\n\t\t\t\t<div class=\"elementor-element elementor-element-8f76b20 elementor-widget elementor-widget-image\" data-id=\"8f76b20\" data-element_type=\"widget\" data-widget_type=\"image.default\">\n\t\t\t\t<div class=\"elementor-widget-container\">\n\t\t\t\t\t\t\t\t\t\t\t\t\t\t\t<img decoding=\"async\" src=\"https:\/\/www.muller.pm\/quimpero\/wp-content\/uploads\/elementor\/thumbs\/4-r5sh9yc04funa8mtpxrtepmf3vty5mhlom52kp7014.png\" title=\"4\" alt=\"4\" loading=\"lazy\" \/>\t\t\t\t\t\t\t\t\t\t\t\t\t\t\t<\/div>\n\t\t\t\t<\/div>\n\t\t\t\t<div class=\"elementor-element elementor-element-223766b elementor-widget elementor-widget-text-editor\" data-id=\"223766b\" data-element_type=\"widget\" data-widget_type=\"text-editor.default\">\n\t\t\t\t<div class=\"elementor-widget-container\">\n\t\t\t\t\t\t\t\t\t<h2>Proche de tout, au c\u0153ur d\u2019Hennebont<\/h2><p>Commerces, \u00e9coles, cr\u00e8ches, \u00e9quipements sportifs et culturels\u2026 Tout est accessible \u00e0 pied ou \u00e0 v\u00e9lo depuis le quartier. Le Quimpero offre une vie quotidienne simple, pratique, et connect\u00e9e au tissu local.<\/p>\t\t\t\t\t\t\t\t<\/div>\n\t\t\t\t<\/div>\n\t\t\t\t<\/div>\n\t\t\t\t<\/div>\n\t\t<div class=\"elementor-element elementor-element-bf618d7 e-flex e-con-boxed wpr-particle-no wpr-jarallax-no wpr-parallax-no wpr-sticky-section-no e-con e-parent\" data-id=\"bf618d7\" data-element_type=\"container\">\n\t\t\t\t\t<div class=\"e-con-inner\">\n\t\t\t\t<div class=\"elementor-element elementor-element-1621e67 elementor-widget-divider--view-line elementor-widget elementor-widget-divider\" data-id=\"1621e67\" data-element_type=\"widget\" data-widget_type=\"divider.default\">\n\t\t\t\t<div class=\"elementor-widget-container\">\n\t\t\t\t\t\t\t<div class=\"elementor-divider\">\n\t\t\t<span class=\"elementor-divider-separator\">\n\t\t\t\t\t\t<\/span>\n\t\t<\/div>\n\t\t\t\t\t\t<\/div>\n\t\t\t\t<\/div>\n\t\t\t\t\t<\/div>\n\t\t\t\t<\/div>\n\t\t<div class=\"elementor-element elementor-element-4989742 e-flex e-con-boxed wpr-particle-no wpr-jarallax-no wpr-parallax-no wpr-sticky-section-no e-con e-parent\" data-id=\"4989742\" data-element_type=\"container\">\n\t\t\t\t\t<div class=\"e-con-inner\">\n\t\t\t\t<div class=\"elementor-element elementor-element-086037d elementor-widget elementor-widget-heading\" data-id=\"086037d\" data-element_type=\"widget\" data-widget_type=\"heading.default\">\n\t\t\t\t<div class=\"elementor-widget-container\">\n\t\t\t\t\t<h2 class=\"elementor-heading-title elementor-size-default\">\ud83c\udf3f Un nouveau quartier \u00e0 vivre \u00e0 Hennebont<\/h2>\t\t\t\t<\/div>\n\t\t\t\t<\/div>\n\t\t\t\t<div class=\"elementor-element elementor-element-6f5402d elementor-widget elementor-widget-html\" data-id=\"6f5402d\" data-element_type=\"widget\" data-widget_type=\"html.default\">\n\t\t\t\t<div class=\"elementor-widget-container\">\n\t\t\t\t\t<iframe src=\"https:\/\/www.google.com\/maps\/embed?pb=!1m17!1m12!1m3!1d4507.179738463132!2d-3.2597697248909294!3d47.801122302567705!2m3!1f0!2f0!3f0!3m2!1i1024!2i768!4f13.1!3m2!1m1!2zNDfCsDQ4JzA2LjAiTiAzwrAxNScyMy44Ilc!5e0!3m2!1sfr!2sfr!4v1747214430919!5m2!1sfr!2sfr\" width=\"600\" height=\"450\" style=\"border:0;\" allowfullscreen=\"\" loading=\"lazy\" referrerpolicy=\"no-referrer-when-downgrade\"><\/iframe>\t\t\t\t<\/div>\n\t\t\t\t<\/div>\n\t\t\t\t<div class=\"elementor-element elementor-element-7e0c067 elementor-widget elementor-widget-text-editor\" data-id=\"7e0c067\" data-element_type=\"widget\" data-widget_type=\"text-editor.default\">\n\t\t\t\t<div class=\"elementor-widget-container\">\n\t\t\t\t\t\t\t\t\t<p class=\"\" data-start=\"227\" data-end=\"535\">Entre Lorient et Vannes, Hennebont s\u00e9duit par son authenticit\u00e9 et son cadre de vie exceptionnel. Travers\u00e9e par le Blavet, cette ville au riche pass\u00e9 historique \u2013 remparts, Ville Close, basilique, Abbaye de la Joie, Haras national \u2013 s\u2019ouvre aussi sur l\u2019avenir avec des projets ambitieux comme <strong data-start=\"519\" data-end=\"534\">Le Quimpero<\/strong>.<\/p><p class=\"\" data-start=\"537\" data-end=\"884\">Ancr\u00e9 dans un environnement naturel pr\u00e9serv\u00e9 (zones humides, boisements, vallons), <strong data-start=\"620\" data-end=\"674\">Le Quimpero est un \u00c9coQuartier nouvelle g\u00e9n\u00e9ration<\/strong>. Il s\u2019int\u00e8gre harmonieusement au paysage henn\u00e9bonnais tout en proposant une r\u00e9flexion forte sur la place du v\u00e9g\u00e9tal dans l\u2019habitat contemporain. Le lien entre nature, urbanisme et vivre ensemble y est central.<\/p><p class=\"\" data-start=\"886\" data-end=\"1275\">Con\u00e7u en concertation avec les habitants, le projet donne naissance \u00e0 un quartier vivant, accessible et inspirant. Les logements, pens\u00e9s pour \u00eatre <strong data-start=\"1033\" data-end=\"1072\">abordables gr\u00e2ce au dispositif PSLA<\/strong>, s\u2019ouvrent sur des <strong data-start=\"1092\" data-end=\"1112\">espaces partag\u00e9s<\/strong> : placettes, vergers, aires de jeux et de loisirs. Un lieu o\u00f9 le quotidien se vit \u00e0 pied, en v\u00e9lo, et o\u00f9 <strong data-start=\"1218\" data-end=\"1274\">les relations humaines sont au c\u0153ur du projet urbain<\/strong>.<\/p><p class=\"\" data-start=\"1277\" data-end=\"1570\">Chaque d\u00e9tail a \u00e9t\u00e9 pens\u00e9 pour favoriser le bien-\u00eatre de tous : intimit\u00e9 des logements, acc\u00e8s facilit\u00e9 aux services, pr\u00e9servation de la biodiversit\u00e9. Le quartier est \u00e0 seulement quelques minutes des \u00e9coles, commerces, \u00e9quipements culturels et sportifs (cin\u00e9ma, m\u00e9diath\u00e8que, centre aquatique\u2026).<\/p><p class=\"\" data-start=\"1572\" data-end=\"1701\"><strong data-start=\"1572\" data-end=\"1701\">Le Quimpero, c\u2019est bien plus qu\u2019un programme immobilier : c\u2019est un cadre de vie apais\u00e9, durable et connect\u00e9 \u00e0 son territoire.<\/strong><\/p>\t\t\t\t\t\t\t\t<\/div>\n\t\t\t\t<\/div>\n\t\t\t\t\t<\/div>\n\t\t\t\t<\/div>\n\t\t\t\t<\/div>\n\t\t","protected":false},"excerpt":{"rendered":"<p>Explorez Le Quimpero en 3D Plongez au c\u0153ur du futur \u00c9coquartier gr\u00e2ce \u00e0 cette vue interactive. D\u00e9couvrez l\u2019implantation des b\u00e2timents, les espaces verts, les acc\u00e8s et les \u00e9quipements du programme comme si vous y \u00e9tiez. Une exp\u00e9rience immersive pour mieux vous projeter dans votre futur cadre de vie \u00e0 Hennebont. D\u00c9COUVREZ NOTRE PROGRAMME Un quartier ancr\u00e9 dans la nature \u00c0 Hennebont, entre Lorient et Vannes, Le Quimpero prend vie dans un environnement remarquable : vallons bois\u00e9s, rives du Blavet, biodiversit\u00e9 pr\u00e9serv\u00e9e. L\u2019\u00c9coQuartier s\u2019int\u00e8gre au paysage existant et valorise les ressources naturelles du site. Un cadre de vie durable et partag\u00e9 Pens\u00e9 autour du lien entre habitat et v\u00e9g\u00e9tal, Le Quimpero multiplie les espaces partag\u00e9s : placettes, aires de jeux, vergers, zones de d\u00e9tente&#8230; Tout est con\u00e7u pour encourager les \u00e9changes, les mobilit\u00e9s douces et la convivialit\u00e9, tout en pr\u00e9servant l\u2019intimit\u00e9 de chacun. Des logements accessibles \u00e0 la propri\u00e9t\u00e9 Gr\u00e2ce au dispositif PSLA, devenez propri\u00e9taire en toute s\u00e9r\u00e9nit\u00e9. Du T2 au T5, les appartements du Quimpero sont spacieux, bien expos\u00e9s, et int\u00e9gr\u00e9s dans des \u00eelots \u00e0 taille humaine, avec balcons, terrasses ou jardins selon les configurations. Proche de tout, au c\u0153ur d\u2019Hennebont Commerces, \u00e9coles, cr\u00e8ches, \u00e9quipements sportifs et culturels\u2026 Tout est accessible \u00e0 pied ou \u00e0 v\u00e9lo depuis le quartier. Le Quimpero offre une vie quotidienne simple, pratique, et connect\u00e9e au tissu local. \ud83c\udf3f Un nouveau quartier \u00e0 vivre \u00e0 Hennebont Entre Lorient et Vannes, Hennebont s\u00e9duit par son authenticit\u00e9 et son cadre de vie exceptionnel. Travers\u00e9e par le Blavet, cette ville au riche pass\u00e9 historique \u2013 remparts, Ville Close, basilique, Abbaye de la Joie, Haras national \u2013 s\u2019ouvre aussi sur l\u2019avenir avec des projets ambitieux comme Le Quimpero. Ancr\u00e9 dans un environnement naturel pr\u00e9serv\u00e9 (zones humides, boisements, vallons), Le Quimpero est un \u00c9coQuartier nouvelle g\u00e9n\u00e9ration. Il s\u2019int\u00e8gre harmonieusement au paysage henn\u00e9bonnais tout en proposant une r\u00e9flexion forte sur la place du v\u00e9g\u00e9tal dans l\u2019habitat contemporain. Le lien entre nature, urbanisme et vivre ensemble y est central. Con\u00e7u en concertation avec les habitants, le projet donne naissance \u00e0 un quartier vivant, accessible et inspirant. Les logements, pens\u00e9s pour \u00eatre abordables gr\u00e2ce au dispositif PSLA, s\u2019ouvrent sur des espaces partag\u00e9s : placettes, vergers, aires de jeux et de loisirs. Un lieu o\u00f9 le quotidien se vit \u00e0 pied, en v\u00e9lo, et o\u00f9 les relations humaines sont au c\u0153ur du projet urbain. Chaque d\u00e9tail a \u00e9t\u00e9 pens\u00e9 pour favoriser le bien-\u00eatre de tous : intimit\u00e9 des logements, acc\u00e8s facilit\u00e9 aux services, pr\u00e9servation de la biodiversit\u00e9. Le quartier est \u00e0 seulement quelques minutes des \u00e9coles, commerces, \u00e9quipements culturels et sportifs (cin\u00e9ma, m\u00e9diath\u00e8que, centre aquatique\u2026). Le Quimpero, c\u2019est bien plus qu\u2019un programme immobilier : c\u2019est un cadre de vie apais\u00e9, durable et connect\u00e9 \u00e0 son territoire.<\/p>\n","protected":false},"author":1,"featured_media":0,"parent":0,"menu_order":0,"comment_status":"closed","ping_status":"closed","template":"elementor_header_footer","meta":{"ocean_post_layout":"","ocean_both_sidebars_style":"","ocean_both_sidebars_content_width":0,"ocean_both_sidebars_sidebars_width":0,"ocean_sidebar":"","ocean_second_sidebar":"","ocean_disable_margins":"enable","ocean_add_body_class":"","ocean_shortcode_before_top_bar":"","ocean_shortcode_after_top_bar":"","ocean_shortcode_before_header":"","ocean_shortcode_after_header":"","ocean_has_shortcode":"","ocean_shortcode_after_title":"","ocean_shortcode_before_footer_widgets":"","ocean_shortcode_after_footer_widgets":"","ocean_shortcode_before_footer_bottom":"","ocean_shortcode_after_footer_bottom":"","ocean_display_top_bar":"default","ocean_display_header":"default","ocean_header_style":"","ocean_center_header_left_menu":"","ocean_custom_header_template":"","ocean_custom_logo":0,"ocean_custom_retina_logo":0,"ocean_custom_logo_max_width":0,"ocean_custom_logo_tablet_max_width":0,"ocean_custom_logo_mobile_max_width":0,"ocean_custom_logo_max_height":0,"ocean_custom_logo_tablet_max_height":0,"ocean_custom_logo_mobile_max_height":0,"ocean_header_custom_menu":"","ocean_menu_typo_font_family":"","ocean_menu_typo_font_subset":"","ocean_menu_typo_font_size":0,"ocean_menu_typo_font_size_tablet":0,"ocean_menu_typo_font_size_mobile":0,"ocean_menu_typo_font_size_unit":"px","ocean_menu_typo_font_weight":"","ocean_menu_typo_font_weight_tablet":"","ocean_menu_typo_font_weight_mobile":"","ocean_menu_typo_transform":"","ocean_menu_typo_transform_tablet":"","ocean_menu_typo_transform_mobile":"","ocean_menu_typo_line_height":0,"ocean_menu_typo_line_height_tablet":0,"ocean_menu_typo_line_height_mobile":0,"ocean_menu_typo_line_height_unit":"","ocean_menu_typo_spacing":0,"ocean_menu_typo_spacing_tablet":0,"ocean_menu_typo_spacing_mobile":0,"ocean_menu_typo_spacing_unit":"","ocean_menu_link_color":"","ocean_menu_link_color_hover":"","ocean_menu_link_color_active":"","ocean_menu_link_background":"","ocean_menu_link_hover_background":"","ocean_menu_link_active_background":"","ocean_menu_social_links_bg":"","ocean_menu_social_hover_links_bg":"","ocean_menu_social_links_color":"","ocean_menu_social_hover_links_color":"","ocean_disable_title":"default","ocean_disable_heading":"default","ocean_post_title":"","ocean_post_subheading":"","ocean_post_title_style":"","ocean_post_title_background_color":"","ocean_post_title_background":0,"ocean_post_title_bg_image_position":"","ocean_post_title_bg_image_attachment":"","ocean_post_title_bg_image_repeat":"","ocean_post_title_bg_image_size":"","ocean_post_title_height":0,"ocean_post_title_bg_overlay":0.5,"ocean_post_title_bg_overlay_color":"","ocean_disable_breadcrumbs":"default","ocean_breadcrumbs_color":"","ocean_breadcrumbs_separator_color":"","ocean_breadcrumbs_links_color":"","ocean_breadcrumbs_links_hover_color":"","ocean_display_footer_widgets":"default","ocean_display_footer_bottom":"default","ocean_custom_footer_template":"","footnotes":""},"class_list":["post-118","page","type-page","status-publish","hentry","entry"],"_links":{"self":[{"href":"https:\/\/www.muller.pm\/quimpero\/wp-json\/wp\/v2\/pages\/118","targetHints":{"allow":["GET"]}}],"collection":[{"href":"https:\/\/www.muller.pm\/quimpero\/wp-json\/wp\/v2\/pages"}],"about":[{"href":"https:\/\/www.muller.pm\/quimpero\/wp-json\/wp\/v2\/types\/page"}],"author":[{"embeddable":true,"href":"https:\/\/www.muller.pm\/quimpero\/wp-json\/wp\/v2\/users\/1"}],"replies":[{"embeddable":true,"href":"https:\/\/www.muller.pm\/quimpero\/wp-json\/wp\/v2\/comments?post=118"}],"version-history":[{"count":5,"href":"https:\/\/www.muller.pm\/quimpero\/wp-json\/wp\/v2\/pages\/118\/revisions"}],"predecessor-version":[{"id":131,"href":"https:\/\/www.muller.pm\/quimpero\/wp-json\/wp\/v2\/pages\/118\/revisions\/131"}],"wp:attachment":[{"href":"https:\/\/www.muller.pm\/quimpero\/wp-json\/wp\/v2\/media?parent=118"}],"curies":[{"name":"wp","href":"https:\/\/api.w.org\/{rel}","templated":true}]}}